{"id":2046,"date":"2021-09-11T09:48:48","date_gmt":"2021-09-11T09:48:48","guid":{"rendered":"https:\/\/rdokter.nl\/wp\/?page_id=2046"},"modified":"2025-10-25T13:24:55","modified_gmt":"2025-10-25T13:24:55","slug":"reiki","status":"publish","type":"page","link":"https:\/\/ja-natuurlijk.nu\/alles\/reiki\/","title":{"rendered":"Reiki, Ankh en Lemniscaat"},"content":{"rendered":"<div class=\"wpb-content-wrapper\"><p>[vc_row equal_height=&#8221;yes&#8221; content_placement=&#8221;top&#8221;][vc_column css_animation=&#8221;zoomIn&#8221; css=&#8221;.vc_custom_1628252066107{margin-top: 0px !important;margin-right: 020px !important;margin-bottom: 0px !important;margin-left: 20px !important;border-top-width: 0px !important;border-right-width: 0px !important;border-bottom-width: 0px !important;border-left-width: 0px !important;padding-top: 0px !important;padding-right: 0px !important;padding-bottom: 0px !important;padding-left: 0px !important;}&#8221;][vc_column_text css_animation=&#8221;zoomIn&#8221;]<\/p>\r\n<div class=\"wp-block-cover has-background-dim-10 has-background-dim rs6.css is-layout-flow wp-block-cover-is-layout-flow\" style=\"min-height: 341px;aspect-ratio:unset;\">\r\n<p><img data-aspectratio=\"2560\/985\" src=\"data:image\/gif;base64,R0lGODlhAQABAIAAAAAAAP\/\/\/yH5BAEAAAAALAAAAAABAAEAAAIBRAA7\" decoding=\"async\" width=\"2560\" height=\"985\" class=\"wp-block-cover__image-background wp-image-88 lazyload\" style=\"object-position: 48% 73%;\" data-src=\"http:\/\/rdokter.nl\/wp\/wp-content\/uploads\/2021\/07\/IMG_9234-scaled-e1627217668322.jpg\" alt=\"\" data-object-fit=\"cover\" data-object-position=\"48% 73%\" data-srcset=\"https:\/\/ja-natuurlijk.nu\/alles\/wp-content\/uploads\/2021\/07\/IMG_9234-scaled-e1627217668322.jpg 2560w, https:\/\/ja-natuurlijk.nu\/alles\/wp-content\/uploads\/2021\/07\/IMG_9234-scaled-e1627217668322-300x115.jpg 300w, https:\/\/ja-natuurlijk.nu\/alles\/wp-content\/uploads\/2021\/07\/IMG_9234-scaled-e1627217668322-1024x394.jpg 1024w, https:\/\/ja-natuurlijk.nu\/alles\/wp-content\/uploads\/2021\/07\/IMG_9234-scaled-e1627217668322-768x296.jpg 768w, https:\/\/ja-natuurlijk.nu\/alles\/wp-content\/uploads\/2021\/07\/IMG_9234-scaled-e1627217668322-1536x591.jpg 1536w, https:\/\/ja-natuurlijk.nu\/alles\/wp-content\/uploads\/2021\/07\/IMG_9234-scaled-e1627217668322-2048x788.jpg 2048w\" sizes=\"(max-width: 2560px) 100vw, 2560px\" \/><noscript><img decoding=\"async\" width=\"2560\" height=\"985\" class=\"wp-block-cover__image-background wp-image-88\" style=\"object-position: 48% 73%;\" src=\"http:\/\/rdokter.nl\/wp\/wp-content\/uploads\/2021\/07\/IMG_9234-scaled-e1627217668322.jpg\" alt=\"\" data-object-fit=\"cover\" data-object-position=\"48% 73%\" srcset=\"https:\/\/ja-natuurlijk.nu\/alles\/wp-content\/uploads\/2021\/07\/IMG_9234-scaled-e1627217668322.jpg 2560w, https:\/\/ja-natuurlijk.nu\/alles\/wp-content\/uploads\/2021\/07\/IMG_9234-scaled-e1627217668322-300x115.jpg 300w, https:\/\/ja-natuurlijk.nu\/alles\/wp-content\/uploads\/2021\/07\/IMG_9234-scaled-e1627217668322-1024x394.jpg 1024w, https:\/\/ja-natuurlijk.nu\/alles\/wp-content\/uploads\/2021\/07\/IMG_9234-scaled-e1627217668322-768x296.jpg 768w, https:\/\/ja-natuurlijk.nu\/alles\/wp-content\/uploads\/2021\/07\/IMG_9234-scaled-e1627217668322-1536x591.jpg 1536w, https:\/\/ja-natuurlijk.nu\/alles\/wp-content\/uploads\/2021\/07\/IMG_9234-scaled-e1627217668322-2048x788.jpg 2048w\" sizes=\"(max-width: 2560px) 100vw, 2560px\" \/><\/noscript><\/p>\r\n<\/div>\r\n<p>[\/vc_column_text][\/vc_column][\/vc_row][vc_row][vc_column css=&#8221;.vc_custom_1646478293867{margin-top: 16px !important;}&#8221;][vc_column_text css=&#8221;&#8221;]<\/p>\r\n<h3>Reiki<\/h3>\r\n<p>Er is niets geheimzinnigs aan Reiki, het is niet zweverig of voor bijzondere types met lange wijde jurken aan. Nee, Reiki is niets anders dan een eeuwenoude holistische healingsmethode en is simpelweg gewoon energie. Energie die het zelf genezend vermogen in je lichaam aan het werk zet. Energie zoals je ook in de natuur ziet, de energie van de zon voelt echt anders aan dan de energie van een ijzige koude wind. Ik kwam er achter dat mijn reikibehandelingen heel goed samen gaat met werken met mijn werk als holistisch coach. Het is niet het \u00e9\u00e9n of het ander, het kan elkaar juist aanvullen. Hoe fijn cli\u00ebnten het vinden om de ene keer voor een coach sessie te komen en de andere keer voor een Reiki behandeling en heerlijk ontspannen weer naar huis gaan. Reiki zorgt ervoor dat energiebanen weer vrijkomen en er weer\u00a0verbinding ontstaat tussen hoofd en lijf.<\/p>\r\n<p>Het is belangrijk om te weten dat ik als Reiki Master geen arts ben, ik ben me ervan bewust dat ik op de juiste stoel blijf zitten, met beide voeten op de grond. Ik kan blokkades waarnemen en zorgen dat de energie weer gaat stromen. Hoe en waar en wanneer, dat bepaald het lichaam zelf. Reiki vindt zijn eigen weg.<\/p>\r\n<div class=\"et_pb_column et_pb_column_1_2 et_pb_column_1 et_pb_css_mix_blend_mode_passthrough\">\r\n<div class=\"et_pb_module et_pb_text et_pb_text_2 et_pb_text_align_left et_pb_bg_layout_light\">\r\n<div class=\"et_pb_text_inner\">Tijdens een reikibehandeling zorg ik, dat door middel van contact met m\u2019n handen, de energie in jouw lichaam weer beter gaat stromen. De energiestroming kan namelijk geblokkeerd zijn, en zulke blokkades hebben een relatie met je klachten. Dat kan op zowel fysiek, emotioneel, mentaal en spiritueel niveau.\u00a0 Denk hierbij bijvoorbeeld aan de volgende klachten:<\/div>\r\n<\/div>\r\n<\/div>\r\n<div class=\"et_pb_column et_pb_column_1_2 et_pb_column_2 et_pb_css_mix_blend_mode_passthrough et-last-child\">\r\n<div class=\"et_pb_module et_pb_blurb et_pb_blurb_0 et_pb_text_align_left et_pb_blurb_position_left et_pb_bg_layout_light et_had_animation\">\r\n<div class=\"et_pb_blurb_content\">\r\n<div>\u00a0<\/div>\r\n<div class=\"et_pb_main_blurb_image\">Overprikkeld, HSP, hoog gevoelig<\/div>\r\n<div class=\"et_pb_blurb_container\">\r\n<div class=\"et_pb_blurb_description\">Spanningen en stress<\/div>\r\n<\/div>\r\n<\/div>\r\n<\/div>\r\n<div class=\"et_pb_module et_pb_blurb et_pb_blurb_1 et_pb_text_align_left et_pb_blurb_position_left et_pb_bg_layout_light et_had_animation\">\r\n<div class=\"et_pb_blurb_content\">\r\n<div class=\"et_pb_blurb_container\">\r\n<div class=\"et_pb_blurb_description\">Oververmoeidheid, het ontbreken aan energie<\/div>\r\n<\/div>\r\n<\/div>\r\n<\/div>\r\n<div class=\"et_pb_module et_pb_blurb et_pb_blurb_2 et_pb_text_align_left et_pb_blurb_position_left et_pb_bg_layout_light et_had_animation\">\r\n<div class=\"et_pb_blurb_content\">\r\n<div class=\"et_pb_main_blurb_image\">Burn-out, lusteloosheid, depressiviteit<\/div>\r\n<\/div>\r\n<\/div>\r\n<div class=\"et_pb_module et_pb_blurb et_pb_blurb_3 et_pb_text_align_left et_pb_blurb_position_left et_pb_bg_layout_light et_had_animation\">\r\n<div class=\"et_pb_blurb_content\">\r\n<div class=\"et_pb_blurb_container\">\r\n<div class=\"et_pb_blurb_description\">Pijnklachten, zoals spierpijn, hoofdpijn, nek-,schouder- en rugklachten, blessures<\/div>\r\n<\/div>\r\n<\/div>\r\n<\/div>\r\n<div class=\"et_pb_module et_pb_blurb et_pb_blurb_4 et_pb_text_align_left et_pb_blurb_position_left et_pb_bg_layout_light et_had_animation\">\r\n<div class=\"et_pb_blurb_content\">\r\n<div class=\"et_pb_blurb_container\">\r\n<div class=\"et_pb_blurb_description\">Emotionele &#8211; en slaapproblemen<\/div>\r\n<div class=\"et_pb_blurb_description\">Angsten, zoals faalangst, nervositeit, gebrek aan zelfvertrouwen<\/div>\r\n<\/div>\r\n<div>\u00a0<\/div>\r\n<\/div>\r\n<\/div>\r\n<p>Het filmpje hieronder laat heel mooi zien wat Reiki is en hoe mensen dit ervaren.<\/p>\r\n<\/div>\r\n<p>&nbsp;<\/p>\r\n<p>Tijdens de sessie\u2019s kan ik de Ankh of het Lemniscaat gebruiken. Dit is bijzonder wondermooie en krachtige energie. Hier zijn geen woorden nodig, je ervaring vertelt je alles!<\/p>\r\n<p>[\/vc_column_text][vc_video link=&#8221;https:\/\/youtu.be\/thMT8W6qAwg&#8221; el_width=&#8221;50&#8243; css=&#8221;.vc_custom_1646478324334{margin-top: 16px !important;margin-bottom: 16px !important;}&#8221;][\/vc_column][\/vc_row]<\/p><\/div>","protected":false},"excerpt":{"rendered":"<p>[vc_row equal_height=&#8221;yes&#8221; content_placement=&#8221;top&#8221;][vc_column css_animation=&#8221;zoomIn&#8221; css=&#8221;.vc_custom_1628252066107{margin-top: 0px !important;margin-right: 020px !important;margin-bottom: 0px !important;margin-left: 20px !important;border-top-width: 0px !important;border-right-width: 0px !important;border-bottom-width: 0px !important;border-left-width: 0px !important;padding-top: 0px !important;padding-right: 0px !important;padding-bottom: 0px !important;padding-left: 0px !important;}&#8221;][vc_column_text css_animation=&#8221;zoomIn&#8221;]<\/p>\n","protected":false},"author":1,"featured_media":0,"parent":0,"menu_order":0,"comment_status":"closed","ping_status":"closed","template":"","meta":{"footnotes":""},"class_list":["post-2046","page","type-page","status-publish","hentry","description-off"],"_links":{"self":[{"href":"https:\/\/ja-natuurlijk.nu\/alles\/wp-json\/wp\/v2\/pages\/2046","targetHints":{"allow":["GET"]}}],"collection":[{"href":"https:\/\/ja-natuurlijk.nu\/alles\/wp-json\/wp\/v2\/pages"}],"about":[{"href":"https:\/\/ja-natuurlijk.nu\/alles\/wp-json\/wp\/v2\/types\/page"}],"author":[{"embeddable":true,"href":"https:\/\/ja-natuurlijk.nu\/alles\/wp-json\/wp\/v2\/users\/1"}],"replies":[{"embeddable":true,"href":"https:\/\/ja-natuurlijk.nu\/alles\/wp-json\/wp\/v2\/comments?post=2046"}],"version-history":[{"count":3,"href":"https:\/\/ja-natuurlijk.nu\/alles\/wp-json\/wp\/v2\/pages\/2046\/revisions"}],"predecessor-version":[{"id":3469,"href":"https:\/\/ja-natuurlijk.nu\/alles\/wp-json\/wp\/v2\/pages\/2046\/revisions\/3469"}],"wp:attachment":[{"href":"https:\/\/ja-natuurlijk.nu\/alles\/wp-json\/wp\/v2\/media?parent=2046"}],"curies":[{"name":"wp","href":"https:\/\/api.w.org\/{rel}","templated":true}]}}